{"id":364,"date":"2018-12-14T09:52:34","date_gmt":"2018-12-14T07:52:34","guid":{"rendered":"https:\/\/mercantilsuiza.com\/wealth-management\/"},"modified":"2023-09-07T11:39:05","modified_gmt":"2023-09-07T09:39:05","slug":"wealth-management","status":"publish","type":"page","link":"https:\/\/mercantilsuiza.com\/es\/wealth-management\/","title":{"rendered":"Planificaci\u00f3n Patrimonial"},"content":{"rendered":"","protected":false},"excerpt":{"rendered":"","protected":false},"author":1,"featured_media":3448,"parent":0,"menu_order":0,"comment_status":"closed","ping_status":"closed","template":"","meta":{"_acf_changed":false,"footnotes":""},"class_list":["post-364","page","type-page","status-publish","has-post-thumbnail","hentry"],"acf":[],"yoast_head":"<!-- This site is optimized with the Yoast SEO plugin v27.0 - https:\/\/yoast.com\/product\/yoast-seo-wordpress\/ -->\n<title>Gesti\u00f3n de Patrimonios - Mercantil Suiza Private Banking<\/title>\n<meta name=\"description\" content=\"Nuestros servicios de gesti\u00f3n de patrimonios a medida se ofrecen sobre la base de un perfil de inversi\u00f3n adaptado a las necesidades y expectativas de nuestros clientes, tanto en t\u00e9rminos de rentabilidad como de riesgo.\" \/>\n<meta name=\"robots\" content=\"index, follow, max-snippet:-1, max-image-preview:large, max-video-preview:-1\" \/>\n<link rel=\"canonical\" href=\"https:\/\/mercantilsuiza.com\/es\/wealth-management\/\" \/>\n<meta property=\"og:locale\" content=\"es_ES\" \/>\n<meta property=\"og:type\" content=\"article\" \/>\n<meta property=\"og:title\" content=\"Gesti\u00f3n de Patrimonios - Mercantil Suiza Private Banking\" \/>\n<meta property=\"og:description\" content=\"Nuestros servicios de gesti\u00f3n de patrimonios a medida se ofrecen sobre la base de un perfil de inversi\u00f3n adaptado a las necesidades y expectativas de nuestros clientes, tanto en t\u00e9rminos de rentabilidad como de riesgo.\" \/>\n<meta property=\"og:url\" content=\"https:\/\/mercantilsuiza.com\/es\/wealth-management\/\" \/>\n<meta property=\"og:site_name\" content=\"Mercantil\" \/>\n<meta property=\"article:modified_time\" content=\"2023-09-07T09:39:05+00:00\" \/>\n<meta property=\"og:image\" content=\"https:\/\/mercantilsuiza.com\/app\/uploads\/2023\/07\/Private_Clients_Saturated-scaled.jpg\" \/>\n\t<meta property=\"og:image:width\" content=\"2560\" \/>\n\t<meta property=\"og:image:height\" content=\"1096\" \/>\n\t<meta property=\"og:image:type\" content=\"image\/jpeg\" \/>\n<meta name=\"twitter:card\" content=\"summary_large_image\" \/>\n<script type=\"application\/ld+json\" class=\"yoast-schema-graph\">{\"@context\":\"https:\/\/schema.org\",\"@graph\":[{\"@type\":\"WebPage\",\"@id\":\"https:\/\/mercantilsuiza.com\/es\/wealth-management\/\",\"url\":\"https:\/\/mercantilsuiza.com\/es\/wealth-management\/\",\"name\":\"Gesti\u00f3n de Patrimonios - Mercantil Suiza Private Banking\",\"isPartOf\":{\"@id\":\"https:\/\/mercantilsuiza.com\/es\/#website\"},\"primaryImageOfPage\":{\"@id\":\"https:\/\/mercantilsuiza.com\/es\/wealth-management\/#primaryimage\"},\"image\":{\"@id\":\"https:\/\/mercantilsuiza.com\/es\/wealth-management\/#primaryimage\"},\"thumbnailUrl\":\"https:\/\/mercantilsuiza.com\/app\/uploads\/2023\/07\/Private_Clients_Saturated-scaled.jpg\",\"datePublished\":\"2018-12-14T07:52:34+00:00\",\"dateModified\":\"2023-09-07T09:39:05+00:00\",\"description\":\"Nuestros servicios de gesti\u00f3n de patrimonios a medida se ofrecen sobre la base de un perfil de inversi\u00f3n adaptado a las necesidades y expectativas de nuestros clientes, tanto en t\u00e9rminos de rentabilidad como de riesgo.\",\"breadcrumb\":{\"@id\":\"https:\/\/mercantilsuiza.com\/es\/wealth-management\/#breadcrumb\"},\"inLanguage\":\"es-ES\",\"potentialAction\":[{\"@type\":\"ReadAction\",\"target\":[\"https:\/\/mercantilsuiza.com\/es\/wealth-management\/\"]}]},{\"@type\":\"ImageObject\",\"inLanguage\":\"es-ES\",\"@id\":\"https:\/\/mercantilsuiza.com\/es\/wealth-management\/#primaryimage\",\"url\":\"https:\/\/mercantilsuiza.com\/app\/uploads\/2023\/07\/Private_Clients_Saturated-scaled.jpg\",\"contentUrl\":\"https:\/\/mercantilsuiza.com\/app\/uploads\/2023\/07\/Private_Clients_Saturated-scaled.jpg\",\"width\":2560,\"height\":1096},{\"@type\":\"BreadcrumbList\",\"@id\":\"https:\/\/mercantilsuiza.com\/es\/wealth-management\/#breadcrumb\",\"itemListElement\":[{\"@type\":\"ListItem\",\"position\":1,\"name\":\"Home\",\"item\":\"https:\/\/mercantilsuiza.com\/es\/\"},{\"@type\":\"ListItem\",\"position\":2,\"name\":\"Planificaci\u00f3n Patrimonial\"}]},{\"@type\":\"WebSite\",\"@id\":\"https:\/\/mercantilsuiza.com\/es\/#website\",\"url\":\"https:\/\/mercantilsuiza.com\/es\/\",\"name\":\"Mercantil\",\"description\":\"Mercantil, empowering your world\",\"potentialAction\":[{\"@type\":\"SearchAction\",\"target\":{\"@type\":\"EntryPoint\",\"urlTemplate\":\"https:\/\/mercantilsuiza.com\/es\/?s={search_term_string}\"},\"query-input\":{\"@type\":\"PropertyValueSpecification\",\"valueRequired\":true,\"valueName\":\"search_term_string\"}}],\"inLanguage\":\"es-ES\"}]}<\/script>\n<!-- \/ Yoast SEO plugin. -->","yoast_head_json":{"title":"Gesti\u00f3n de Patrimonios - Mercantil Suiza Private Banking","description":"Nuestros servicios de gesti\u00f3n de patrimonios a medida se ofrecen sobre la base de un perfil de inversi\u00f3n adaptado a las necesidades y expectativas de nuestros clientes, tanto en t\u00e9rminos de rentabilidad como de riesgo.","robots":{"index":"index","follow":"follow","max-snippet":"max-snippet:-1","max-image-preview":"max-image-preview:large","max-video-preview":"max-video-preview:-1"},"canonical":"https:\/\/mercantilsuiza.com\/es\/wealth-management\/","og_locale":"es_ES","og_type":"article","og_title":"Gesti\u00f3n de Patrimonios - Mercantil Suiza Private Banking","og_description":"Nuestros servicios de gesti\u00f3n de patrimonios a medida se ofrecen sobre la base de un perfil de inversi\u00f3n adaptado a las necesidades y expectativas de nuestros clientes, tanto en t\u00e9rminos de rentabilidad como de riesgo.","og_url":"https:\/\/mercantilsuiza.com\/es\/wealth-management\/","og_site_name":"Mercantil","article_modified_time":"2023-09-07T09:39:05+00:00","og_image":[{"width":2560,"height":1096,"url":"https:\/\/mercantilsuiza.com\/app\/uploads\/2023\/07\/Private_Clients_Saturated-scaled.jpg","type":"image\/jpeg"}],"twitter_card":"summary_large_image","schema":{"@context":"https:\/\/schema.org","@graph":[{"@type":"WebPage","@id":"https:\/\/mercantilsuiza.com\/es\/wealth-management\/","url":"https:\/\/mercantilsuiza.com\/es\/wealth-management\/","name":"Gesti\u00f3n de Patrimonios - Mercantil Suiza Private Banking","isPartOf":{"@id":"https:\/\/mercantilsuiza.com\/es\/#website"},"primaryImageOfPage":{"@id":"https:\/\/mercantilsuiza.com\/es\/wealth-management\/#primaryimage"},"image":{"@id":"https:\/\/mercantilsuiza.com\/es\/wealth-management\/#primaryimage"},"thumbnailUrl":"https:\/\/mercantilsuiza.com\/app\/uploads\/2023\/07\/Private_Clients_Saturated-scaled.jpg","datePublished":"2018-12-14T07:52:34+00:00","dateModified":"2023-09-07T09:39:05+00:00","description":"Nuestros servicios de gesti\u00f3n de patrimonios a medida se ofrecen sobre la base de un perfil de inversi\u00f3n adaptado a las necesidades y expectativas de nuestros clientes, tanto en t\u00e9rminos de rentabilidad como de riesgo.","breadcrumb":{"@id":"https:\/\/mercantilsuiza.com\/es\/wealth-management\/#breadcrumb"},"inLanguage":"es-ES","potentialAction":[{"@type":"ReadAction","target":["https:\/\/mercantilsuiza.com\/es\/wealth-management\/"]}]},{"@type":"ImageObject","inLanguage":"es-ES","@id":"https:\/\/mercantilsuiza.com\/es\/wealth-management\/#primaryimage","url":"https:\/\/mercantilsuiza.com\/app\/uploads\/2023\/07\/Private_Clients_Saturated-scaled.jpg","contentUrl":"https:\/\/mercantilsuiza.com\/app\/uploads\/2023\/07\/Private_Clients_Saturated-scaled.jpg","width":2560,"height":1096},{"@type":"BreadcrumbList","@id":"https:\/\/mercantilsuiza.com\/es\/wealth-management\/#breadcrumb","itemListElement":[{"@type":"ListItem","position":1,"name":"Home","item":"https:\/\/mercantilsuiza.com\/es\/"},{"@type":"ListItem","position":2,"name":"Planificaci\u00f3n Patrimonial"}]},{"@type":"WebSite","@id":"https:\/\/mercantilsuiza.com\/es\/#website","url":"https:\/\/mercantilsuiza.com\/es\/","name":"Mercantil","description":"Mercantil, empowering your world","potentialAction":[{"@type":"SearchAction","target":{"@type":"EntryPoint","urlTemplate":"https:\/\/mercantilsuiza.com\/es\/?s={search_term_string}"},"query-input":{"@type":"PropertyValueSpecification","valueRequired":true,"valueName":"search_term_string"}}],"inLanguage":"es-ES"}]}},"_links":{"self":[{"href":"https:\/\/mercantilsuiza.com\/es\/wp-json\/wp\/v2\/pages\/364","targetHints":{"allow":["GET"]}}],"collection":[{"href":"https:\/\/mercantilsuiza.com\/es\/wp-json\/wp\/v2\/pages"}],"about":[{"href":"https:\/\/mercantilsuiza.com\/es\/wp-json\/wp\/v2\/types\/page"}],"author":[{"embeddable":true,"href":"https:\/\/mercantilsuiza.com\/es\/wp-json\/wp\/v2\/users\/1"}],"replies":[{"embeddable":true,"href":"https:\/\/mercantilsuiza.com\/es\/wp-json\/wp\/v2\/comments?post=364"}],"version-history":[{"count":13,"href":"https:\/\/mercantilsuiza.com\/es\/wp-json\/wp\/v2\/pages\/364\/revisions"}],"predecessor-version":[{"id":3749,"href":"https:\/\/mercantilsuiza.com\/es\/wp-json\/wp\/v2\/pages\/364\/revisions\/3749"}],"wp:featuredmedia":[{"embeddable":true,"href":"https:\/\/mercantilsuiza.com\/es\/wp-json\/wp\/v2\/media\/3448"}],"wp:attachment":[{"href":"https:\/\/mercantilsuiza.com\/es\/wp-json\/wp\/v2\/media?parent=364"}],"curies":[{"name":"wp","href":"https:\/\/api.w.org\/{rel}","templated":true}]}}